{"id":4601,"date":"2025-06-30T14:14:35","date_gmt":"2025-06-30T14:14:35","guid":{"rendered":"https:\/\/vitarc.405found.tr\/?page_id=4601"},"modified":"2025-06-30T14:14:36","modified_gmt":"2025-06-30T14:14:36","slug":"kisisel-verilerin-korunmasi-politikasi","status":"publish","type":"page","link":"https:\/\/vitarc.405found.tr\/?page_id=4601","title":{"rendered":"Ki\u015fisel Verilerin Korunmas\u0131 Politikas\u0131"},"content":{"rendered":"\t\t<div data-elementor-type=\"wp-page\" data-elementor-id=\"4601\" class=\"elementor elementor-4601\" data-elementor-post-type=\"page\">\n\t\t\t\t<div data-particle_enable=\"false\" data-particle-mobile-disabled=\"false\" class=\"elementor-element elementor-element-110aa7b e-flex e-con-boxed e-con e-parent\" data-id=\"110aa7b\" data-element_type=\"container\">\n\t\t\t\t\t<div class=\"e-con-inner\">\n\t\t\t\t\t<\/div>\n\t\t\t\t<\/div>\n\t\t<div data-particle_enable=\"false\" data-particle-mobile-disabled=\"false\" class=\"elementor-element elementor-element-729dc0f e-flex e-con-boxed e-con e-parent\" data-id=\"729dc0f\" data-element_type=\"container\">\n\t\t\t\t\t<div class=\"e-con-inner\">\n\t\t\t\t<div class=\"elementor-element elementor-element-9697c26 elementor-widget elementor-widget-text-editor\" data-id=\"9697c26\" data-element_type=\"widget\" data-widget_type=\"text-editor.default\">\n\t\t\t\t<div class=\"elementor-widget-container\">\n\t\t\t\t\t\t\t\t\t<h2 data-start=\"164\" data-end=\"183\">\u00c7erez Politikas\u0131<\/h2><p data-start=\"185\" data-end=\"550\"><strong data-start=\"185\" data-end=\"236\">Vitarc Teknoloji (\u201cbiz\u201d, \u201cbizim\u201d veya \u201c\u015firket\u201d)<\/strong>, <a class=\"\" href=\"http:\/\/www.vitarc.405found.tr\" target=\"_new\" rel=\"noopener\" data-start=\"238\" data-end=\"260\">www.vitarc.405found.tr<\/a> (\u201csite\u201d) arac\u0131l\u0131\u011f\u0131yla ziyaret\u00e7ilerimizin deneyimini iyile\u015ftirmek ve \u00e7e\u015fitli i\u015flevleri sunmak amac\u0131yla \u00e7erezler kullanmaktad\u0131r. Bu \u00e7erez politikas\u0131, hangi \u00e7erezlerin kullan\u0131ld\u0131\u011f\u0131, ama\u00e7lar\u0131, saklama s\u00fcreleri ile kullan\u0131c\u0131lar\u0131n bu \u00e7erezleri nas\u0131l y\u00f6netebilece\u011fine dair bilgileri i\u00e7ermektedir.<\/p><h3 data-start=\"552\" data-end=\"571\">1. \u00c7erez Nedir?<\/h3><p data-start=\"572\" data-end=\"812\">\u00c7erez (cookie), ziyaret etti\u011finiz web siteleri taraf\u0131ndan taray\u0131c\u0131n\u0131za g\u00f6nderilen ve cihaz\u0131n\u0131zda depolanan k\u00fc\u00e7\u00fck metin dosyalar\u0131d\u0131r. Bu dosyalar, site kullan\u0131m\u0131n\u0131z hakk\u0131nda bilgi toplar ve kullan\u0131c\u0131 deneyiminizi iyile\u015ftirmede yard\u0131mc\u0131 olur.<\/p><h3 data-start=\"814\" data-end=\"845\">2. Kullan\u0131lan \u00c7erez T\u00fcrleri<\/h3><ul data-start=\"847\" data-end=\"1516\"><li data-start=\"847\" data-end=\"1032\"><p data-start=\"849\" data-end=\"1032\"><strong data-start=\"849\" data-end=\"880\">Kesinlikle Gerekli \u00c7erezler<\/strong><br data-start=\"880\" data-end=\"883\" \/>Site altyap\u0131s\u0131n\u0131n temel i\u015flevini sa\u011flar. Oturum y\u00f6netimi ve g\u00fcvenlik gibi i\u015flevler i\u00e7in gereklidir. Bu \u00e7erezler olmadan site d\u00fczg\u00fcn \u00e7al\u0131\u015fmayabilir.<\/p><\/li><li data-start=\"1034\" data-end=\"1234\"><p data-start=\"1036\" data-end=\"1234\"><strong data-start=\"1036\" data-end=\"1070\">Performans ve Analiz \u00c7erezleri<\/strong><br data-start=\"1070\" data-end=\"1073\" \/>Google Analytics veya benzeri hizmetlerle site ziyaret istatistiklerini toplamak, sayfa g\u00f6r\u00fcnt\u00fcleme, kullan\u0131c\u0131 davran\u0131\u015f\u0131 gibi analizler yapmak i\u00e7in kullan\u0131l\u0131r.<\/p><\/li><li data-start=\"1236\" data-end=\"1374\"><p data-start=\"1238\" data-end=\"1374\"><strong data-start=\"1238\" data-end=\"1262\">Fonksiyonel \u00c7erezler<\/strong><br data-start=\"1262\" data-end=\"1265\" \/>Kullan\u0131c\u0131n\u0131n tercihlerini (dil se\u00e7imi, tema tercihi vb.) hat\u0131rlayarak ki\u015fiselle\u015ftirilmi\u015f bir deneyim sunar.<\/p><\/li><li data-start=\"1376\" data-end=\"1516\"><p data-start=\"1378\" data-end=\"1516\"><strong data-start=\"1378\" data-end=\"1409\">Pazarlama\/ Reklam \u00c7erezleri<\/strong><br data-start=\"1409\" data-end=\"1412\" \/>\u00dc\u00e7\u00fcnc\u00fc taraflar taraf\u0131ndan yerle\u015ftirilir. \u0130lgi alanlar\u0131n\u0131za uygun reklamlar sunulmas\u0131na yard\u0131mc\u0131 olur.<\/p><\/li><\/ul><h3 data-start=\"1518\" data-end=\"1553\">3. \u00c7erezlerin Kullan\u0131m Ama\u00e7lar\u0131<\/h3><div class=\"_tableContainer_80l1q_1\"><div class=\"_tableWrapper_80l1q_14 group flex w-fit flex-col-reverse\" tabindex=\"-1\"><table class=\"w-fit min-w-(--thread-content-width)\" data-start=\"1555\" data-end=\"2059\"><thead data-start=\"1555\" data-end=\"1601\"><tr data-start=\"1555\" data-end=\"1601\"><th data-start=\"1555\" data-end=\"1589\" data-col-size=\"sm\">Ama\u00e7<\/th><th data-start=\"1589\" data-end=\"1601\" data-col-size=\"md\">A\u00e7\u0131klama<\/th><\/tr><\/thead><tbody data-start=\"1650\" data-end=\"2059\"><tr data-start=\"1650\" data-end=\"1769\"><td data-start=\"1650\" data-end=\"1684\" data-col-size=\"sm\">Site performans\u0131n\u0131 \u00f6l\u00e7mek<\/td><td data-start=\"1684\" data-end=\"1769\" data-col-size=\"md\">Hangi sayfalar\u0131n pop\u00fcler oldu\u011funu, kullan\u0131c\u0131lar\u0131n nereden geldi\u011fini anlamak i\u00e7in.<\/td><\/tr><tr data-start=\"1770\" data-end=\"1858\"><td data-start=\"1770\" data-end=\"1806\" data-col-size=\"sm\">Kullan\u0131c\u0131 tercihlerini hat\u0131rlamak<\/td><td data-start=\"1806\" data-end=\"1858\" data-col-size=\"md\">Dil, tema, giri\u015f bilgileri gibi ki\u015fiselle\u015ftirme.<\/td><\/tr><tr data-start=\"1859\" data-end=\"1944\"><td data-start=\"1859\" data-end=\"1893\" data-col-size=\"sm\">G\u00fcvenlik sa\u011flamak<\/td><td data-start=\"1893\" data-end=\"1944\" data-col-size=\"md\">Kimlik do\u011frulama, oturum y\u00f6netimi, spam \u00f6nleme.<\/td><\/tr><tr data-start=\"1945\" data-end=\"2059\"><td data-start=\"1945\" data-end=\"1979\" data-col-size=\"sm\">Reklam ve ki\u015fiselle\u015ftirme<\/td><td data-col-size=\"md\" data-start=\"1979\" data-end=\"2059\">\u0130lgi alanlar\u0131na g\u00f6re reklam g\u00f6stermek i\u00e7in kullan\u0131c\u0131 segmentleri olu\u015fturmak.<\/td><\/tr><\/tbody><\/table><div class=\"sticky end-(--thread-content-margin) h-0 self-end select-none\"><div class=\"absolute end-0 flex items-end\">\u00a0<\/div><\/div><\/div><\/div><h3 data-start=\"2061\" data-end=\"2082\">4. \u00c7erez S\u00fcreleri<\/h3><ul data-start=\"2083\" data-end=\"2220\"><li data-start=\"2083\" data-end=\"2137\"><p data-start=\"2085\" data-end=\"2137\"><strong data-start=\"2085\" data-end=\"2105\">Oturum \u00c7erezleri<\/strong>: Taray\u0131c\u0131 kapand\u0131\u011f\u0131nda silinir.<\/p><\/li><li data-start=\"2138\" data-end=\"2220\"><p data-start=\"2140\" data-end=\"2220\"><strong data-start=\"2140\" data-end=\"2159\">Kal\u0131c\u0131 \u00c7erezler<\/strong>: Belirli bir s\u00fcre boyunca (\u00f6rne\u011fin 1 y\u0131l) cihaz\u0131n\u0131zda kal\u0131r.<\/p><\/li><\/ul><h3 data-start=\"2222\" data-end=\"2243\">5. \u00c7erez Y\u00f6netimi<\/h3><p data-start=\"2244\" data-end=\"2415\">\u00c7erezleri kabul etmek, reddetmek veya silmek i\u00e7in taray\u0131c\u0131n\u0131z\u0131n ayarlar\u0131n\u0131 kullanabilirsiniz. A\u015fa\u011f\u0131daki ba\u011flant\u0131lardan pop\u00fcler taray\u0131c\u0131lar i\u00e7in rehberlere ula\u015fabilirsiniz:<\/p><ul data-start=\"2417\" data-end=\"2459\"><li data-start=\"2417\" data-end=\"2427\"><p data-start=\"2419\" data-end=\"2427\">Chrome<\/p><\/li><li data-start=\"2428\" data-end=\"2439\"><p data-start=\"2430\" data-end=\"2439\">Firefox<\/p><\/li><li data-start=\"2440\" data-end=\"2450\"><p data-start=\"2442\" data-end=\"2450\">Safari<\/p><\/li><li data-start=\"2451\" data-end=\"2459\"><p data-start=\"2453\" data-end=\"2459\">Edge<\/p><\/li><\/ul><p data-start=\"2461\" data-end=\"2552\">\u00c7erezleri devre d\u0131\u015f\u0131 b\u0131rakman\u0131z baz\u0131 site i\u015flevlerinin d\u00fczg\u00fcn \u00e7al\u0131\u015fmamas\u0131na neden olabilir.<\/p><h3 data-start=\"2554\" data-end=\"2583\">6. \u00dc\u00e7\u00fcnc\u00fc Taraf \u00c7erezleri<\/h3><p data-start=\"2584\" data-end=\"2806\">Site i\u00e7inde entegre olan hizmetler (\u00f6rne\u011fin YouTube videolar\u0131, sosyal medya payla\u015f\u0131mlar\u0131, Google Analytics) kendi \u00e7erezlerini yerle\u015ftirebilir. Bu \u00e7erezler site taraf\u0131ndan de\u011fil, ilgili \u00fc\u00e7\u00fcnc\u00fc taraflar taraf\u0131ndan y\u00f6netilir.<\/p><h3 data-start=\"2808\" data-end=\"2846\">7. \u00c7erez Politikas\u0131 G\u00fcncellemeleri<\/h3><p data-start=\"2847\" data-end=\"3005\">Politikam\u0131z\u0131 zaman i\u00e7inde g\u00fcncelleyebiliriz. \u00d6nemli de\u011fi\u015fiklikler i\u00e7in sitede duyuru yap\u0131l\u0131r. G\u00fcncellemeler bu sayfada yay\u0131mland\u0131\u011f\u0131 anda ge\u00e7erli kabul edilir.<\/p><hr data-start=\"3007\" data-end=\"3010\" \/><p data-start=\"3012\" data-end=\"3131\"><strong data-start=\"3012\" data-end=\"3025\">\u0130leti\u015fim:<\/strong> Bu politika hakk\u0131nda sorular\u0131n\u0131z varsa hello@vitarc.com.tr arac\u0131l\u0131\u011f\u0131yla bize ula\u015fabilirsiniz.<\/p>\t\t\t\t\t\t\t\t<\/div>\n\t\t\t\t<\/div>\n\t\t\t\t\t<\/div>\n\t\t\t\t<\/div>\n\t\t\t\t<\/div>\n\t\t","protected":false},"excerpt":{"rendered":"<p>\u00c7erez Politikas\u0131 Vitarc Teknoloji (\u201cbiz\u201d, \u201cbizim\u201d veya \u201c\u015firket\u201d), www.vitarc.405found.tr (\u201csite\u201d) arac\u0131l\u0131\u011f\u0131yla ziyaret\u00e7ilerimizin deneyimini iyile\u015ftirmek ve \u00e7e\u015fitli i\u015flevleri sunmak amac\u0131yla \u00e7erezler kullanmaktad\u0131r. Bu \u00e7erez politikas\u0131, hangi \u00e7erezlerin kullan\u0131ld\u0131\u011f\u0131, ama\u00e7lar\u0131, saklama s\u00fcreleri ile kullan\u0131c\u0131lar\u0131n bu \u00e7erezleri nas\u0131l y\u00f6netebilece\u011fine dair bilgileri i\u00e7ermektedir. 1. \u00c7erez Nedir? \u00c7erez (cookie), ziyaret etti\u011finiz web siteleri taraf\u0131ndan taray\u0131c\u0131n\u0131za g\u00f6nderilen ve cihaz\u0131n\u0131zda depolanan k\u00fc\u00e7\u00fck [&hellip;]<\/p>\n","protected":false},"author":1,"featured_media":0,"parent":0,"menu_order":0,"comment_status":"closed","ping_status":"closed","template":"elementor_header_footer","meta":{"_acf_changed":false,"footnotes":""},"class_list":["post-4601","page","type-page","status-publish","hentry"],"acf":[],"_links":{"self":[{"href":"https:\/\/vitarc.405found.tr\/index.php?rest_route=\/wp\/v2\/pages\/4601","targetHints":{"allow":["GET"]}}],"collection":[{"href":"https:\/\/vitarc.405found.tr\/index.php?rest_route=\/wp\/v2\/pages"}],"about":[{"href":"https:\/\/vitarc.405found.tr\/index.php?rest_route=\/wp\/v2\/types\/page"}],"author":[{"embeddable":true,"href":"https:\/\/vitarc.405found.tr\/index.php?rest_route=\/wp\/v2\/users\/1"}],"replies":[{"embeddable":true,"href":"https:\/\/vitarc.405found.tr\/index.php?rest_route=%2Fwp%2Fv2%2Fcomments&post=4601"}],"version-history":[{"count":0,"href":"https:\/\/vitarc.405found.tr\/index.php?rest_route=\/wp\/v2\/pages\/4601\/revisions"}],"wp:attachment":[{"href":"https:\/\/vitarc.405found.tr\/index.php?rest_route=%2Fwp%2Fv2%2Fmedia&parent=4601"}],"curies":[{"name":"wp","href":"https:\/\/api.w.org\/{rel}","templated":true}]}}