{"id":4584,"date":"2025-06-30T14:10:04","date_gmt":"2025-06-30T14:10:04","guid":{"rendered":"https:\/\/vitarc.405found.tr\/?page_id=4584"},"modified":"2025-06-30T14:16:11","modified_gmt":"2025-06-30T14:16:11","slug":"cerez-politikasi","status":"publish","type":"page","link":"https:\/\/vitarc.405found.tr\/?page_id=4584","title":{"rendered":"\u00c7erez Politikas\u0131"},"content":{"rendered":"\t\t<div data-elementor-type=\"wp-page\" data-elementor-id=\"4584\" class=\"elementor elementor-4584\" data-elementor-post-type=\"page\">\n\t\t\t\t<div data-particle_enable=\"false\" data-particle-mobile-disabled=\"false\" class=\"elementor-element elementor-element-110aa7b e-flex e-con-boxed e-con e-parent\" data-id=\"110aa7b\" data-element_type=\"container\">\n\t\t\t\t\t<div class=\"e-con-inner\">\n\t\t\t\t\t<\/div>\n\t\t\t\t<\/div>\n\t\t<div data-particle_enable=\"false\" data-particle-mobile-disabled=\"false\" class=\"elementor-element elementor-element-729dc0f e-flex e-con-boxed e-con e-parent\" data-id=\"729dc0f\" data-element_type=\"container\">\n\t\t\t\t\t<div class=\"e-con-inner\">\n\t\t\t\t<div class=\"elementor-element elementor-element-9697c26 elementor-widget elementor-widget-text-editor\" data-id=\"9697c26\" data-element_type=\"widget\" data-widget_type=\"text-editor.default\">\n\t\t\t\t<div class=\"elementor-widget-container\">\n\t\t\t\t\t\t\t\t\t<h2 data-start=\"226\" data-end=\"267\">Ki\u015fisel Verilerin Korunmas\u0131 Politikas\u0131<\/h2><p data-start=\"269\" data-end=\"551\"><strong data-start=\"269\" data-end=\"289\">Vitarc Teknoloji<\/strong> olarak, 6698 say\u0131l\u0131 Ki\u015fisel Verilerin Korunmas\u0131 Kanunu (\u201cKVKK\u201d) kapsam\u0131nda, ki\u015fisel verilerinizin gizlili\u011fini ve g\u00fcvenli\u011fini \u00f6nemsiyoruz. Bu kapsamda, ki\u015fisel verilerinizin i\u015flenmesi, saklanmas\u0131 ve korunmas\u0131na ili\u015fkin politikam\u0131z\u0131 a\u015fa\u011f\u0131da bilgilerinize sunar\u0131z.<\/p><hr data-start=\"553\" data-end=\"556\" \/><h3 data-start=\"558\" data-end=\"579\">1. Veri Sorumlusu<\/h3><p data-start=\"580\" data-end=\"739\">KVKK kapsam\u0131nda, ki\u015fisel verileriniz; veri sorumlusu s\u0131fat\u0131yla <strong data-start=\"643\" data-end=\"663\">Vitarc Teknoloji<\/strong> (\u201cVitarc\u201d veya \u201c\u015eirket\u201d) taraf\u0131ndan bu politika \u00e7er\u00e7evesinde i\u015flenmektedir.<\/p><hr data-start=\"741\" data-end=\"744\" \/><h3 data-start=\"746\" data-end=\"777\">2. Toplanan Ki\u015fisel Veriler<\/h3><p data-start=\"778\" data-end=\"890\">Web sitemizi ziyaret etti\u011finizde veya bizimle ileti\u015fime ge\u00e7ti\u011finizde a\u015fa\u011f\u0131daki ki\u015fisel verileriniz toplanabilir:<\/p><ul data-start=\"892\" data-end=\"1081\"><li data-start=\"892\" data-end=\"922\"><p data-start=\"894\" data-end=\"922\">Kimlik Bilgileri (Ad, soyad)<\/p><\/li><li data-start=\"923\" data-end=\"978\"><p data-start=\"925\" data-end=\"978\">\u0130leti\u015fim Bilgileri (E-posta adresi, telefon numaras\u0131)<\/p><\/li><li data-start=\"979\" data-end=\"1008\"><p data-start=\"981\" data-end=\"1008\">IP adresi, taray\u0131c\u0131 bilgisi<\/p><\/li><li data-start=\"1009\" data-end=\"1038\"><p data-start=\"1011\" data-end=\"1038\">Talep ve \u015fikayet i\u00e7erikleri<\/p><\/li><li data-start=\"1039\" data-end=\"1081\"><p data-start=\"1041\" data-end=\"1081\">\u00c7erez yoluyla toplanan kullan\u0131m verileri<\/p><\/li><\/ul><hr data-start=\"1083\" data-end=\"1086\" \/><h3 data-start=\"1088\" data-end=\"1129\">3. Ki\u015fisel Verilerin \u0130\u015flenme Ama\u00e7lar\u0131<\/h3><p data-start=\"1131\" data-end=\"1192\">Toplanan ki\u015fisel verileriniz a\u015fa\u011f\u0131daki ama\u00e7larla i\u015flenebilir:<\/p><ul data-start=\"1194\" data-end=\"1529\"><li data-start=\"1194\" data-end=\"1263\"><p data-start=\"1196\" data-end=\"1263\">Web sitesi \u00fczerinden sunulan hizmetlerden yararlanman\u0131z\u0131 sa\u011flamak<\/p><\/li><li data-start=\"1264\" data-end=\"1301\"><p data-start=\"1266\" data-end=\"1301\">Size \u00f6zel i\u00e7erik ve teklif sunmak<\/p><\/li><li data-start=\"1302\" data-end=\"1339\"><p data-start=\"1304\" data-end=\"1339\">\u0130leti\u015fim taleplerinizi yan\u0131tlamak<\/p><\/li><li data-start=\"1340\" data-end=\"1384\"><p data-start=\"1342\" data-end=\"1384\">Yasal y\u00fck\u00fcml\u00fcl\u00fcklerimizi yerine getirmek<\/p><\/li><li data-start=\"1385\" data-end=\"1442\"><p data-start=\"1387\" data-end=\"1442\">Site g\u00fcvenli\u011fini sa\u011flamak ve k\u00f6t\u00fcye kullan\u0131m\u0131 \u00f6nlemek<\/p><\/li><li data-start=\"1443\" data-end=\"1529\"><p data-start=\"1445\" data-end=\"1529\">\u0130statistiksel analiz ve pazarlama faaliyetleri y\u00fcr\u00fctmek (a\u00e7\u0131k r\u0131za al\u0131nmak kayd\u0131yla)<\/p><\/li><\/ul><hr data-start=\"1531\" data-end=\"1534\" \/><h3 data-start=\"1536\" data-end=\"1569\">4. Ki\u015fisel Verilerin Aktar\u0131m\u0131<\/h3><p data-start=\"1571\" data-end=\"1635\">Ki\u015fisel verileriniz, KVKK\u2019n\u0131n 8. ve 9. maddelerine uygun olarak;<\/p><ul data-start=\"1637\" data-end=\"1851\"><li data-start=\"1637\" data-end=\"1695\"><p data-start=\"1639\" data-end=\"1695\">Hizmet ald\u0131\u011f\u0131m\u0131z altyap\u0131 ve teknoloji sa\u011flay\u0131c\u0131lar\u0131yla<\/p><\/li><li data-start=\"1696\" data-end=\"1763\"><p data-start=\"1698\" data-end=\"1763\">Yetkili kamu kurum ve kurulu\u015flar\u0131yla (yasal zorunluluk halinde)<\/p><\/li><li data-start=\"1764\" data-end=\"1851\"><p data-start=\"1766\" data-end=\"1851\">Hukuki s\u00fcre\u00e7lerin y\u00fcr\u00fct\u00fclmesi kapsam\u0131nda avukatlar ve dan\u0131\u015fmanlarla<br data-start=\"1833\" data-end=\"1836\" \/>payla\u015f\u0131labilir.<\/p><\/li><\/ul><p data-start=\"1853\" data-end=\"1916\">Yurt d\u0131\u015f\u0131 aktar\u0131m yap\u0131lmas\u0131 durumunda a\u00e7\u0131k r\u0131zan\u0131z al\u0131nacakt\u0131r.<\/p><hr data-start=\"1918\" data-end=\"1921\" \/><h3 data-start=\"1923\" data-end=\"1963\">5. Ki\u015fisel Verilerin Saklanma S\u00fcresi<\/h3><p data-start=\"1965\" data-end=\"2175\">Ki\u015fisel verileriniz, ilgili mevzuatta \u00f6ng\u00f6r\u00fclen s\u00fcreler boyunca veya i\u015fleme amac\u0131n\u0131n gerektirdi\u011fi s\u00fcreyle s\u0131n\u0131rl\u0131 olarak saklan\u0131r. S\u00fcre sona erdi\u011finde verileriniz silinir, yok edilir veya anonim hale getirilir.<\/p><hr data-start=\"2177\" data-end=\"2180\" \/><h3 data-start=\"2182\" data-end=\"2215\">6. KVKK Kapsam\u0131nda Haklar\u0131n\u0131z<\/h3><p data-start=\"2217\" data-end=\"2247\">KVKK&#8217;n\u0131n 11. maddesi uyar\u0131nca;<\/p><ul data-start=\"2249\" data-end=\"2899\"><li data-start=\"2249\" data-end=\"2305\"><p data-start=\"2251\" data-end=\"2305\">Ki\u015fisel verilerinizin i\u015flenip i\u015flenmedi\u011fini \u00f6\u011frenme,<\/p><\/li><li data-start=\"2306\" data-end=\"2351\"><p data-start=\"2308\" data-end=\"2351\">\u0130\u015flenmi\u015fse buna ili\u015fkin bilgi talep etme,<\/p><\/li><li data-start=\"2352\" data-end=\"2406\"><p data-start=\"2354\" data-end=\"2406\">Amac\u0131na uygun kullan\u0131l\u0131p kullan\u0131lmad\u0131\u011f\u0131n\u0131 \u00f6\u011frenme,<\/p><\/li><li data-start=\"2407\" data-end=\"2475\"><p data-start=\"2409\" data-end=\"2475\">Yurt i\u00e7inde veya yurt d\u0131\u015f\u0131nda aktar\u0131ld\u0131\u011f\u0131 \u00fc\u00e7\u00fcnc\u00fc ki\u015fileri bilme,<\/p><\/li><li data-start=\"2476\" data-end=\"2554\"><p data-start=\"2478\" data-end=\"2554\">Verilerin eksik veya yanl\u0131\u015f i\u015flenmi\u015f olmas\u0131 h\u00e2linde d\u00fczeltilmesini isteme,<\/p><\/li><li data-start=\"2555\" data-end=\"2631\"><p data-start=\"2557\" data-end=\"2631\">KVKK\u2019ya ayk\u0131r\u0131 olarak i\u015flenmi\u015fse silinmesini veya yok edilmesini isteme,<\/p><\/li><li data-start=\"2632\" data-end=\"2710\"><p data-start=\"2634\" data-end=\"2710\">Bu i\u015flemlerin verilerin aktar\u0131ld\u0131\u011f\u0131 \u00fc\u00e7\u00fcnc\u00fc ki\u015filere bildirilmesini isteme,<\/p><\/li><li data-start=\"2711\" data-end=\"2850\"><p data-start=\"2713\" data-end=\"2850\">\u0130\u015flenen verilerin m\u00fcnhas\u0131ran otomatik sistemler vas\u0131tas\u0131yla analiz edilmesi sonucu aleyhinize bir sonucun ortaya \u00e7\u0131kmas\u0131na itiraz etme,<\/p><\/li><li data-start=\"2851\" data-end=\"2899\"><p data-start=\"2853\" data-end=\"2899\">Zarara u\u011framan\u0131z h\u00e2linde tazminat talep etme<\/p><\/li><\/ul><p data-start=\"2901\" data-end=\"2922\">haklar\u0131na sahipsiniz.<\/p><hr data-start=\"2924\" data-end=\"2927\" \/><h3 data-start=\"2929\" data-end=\"2944\">7. \u0130leti\u015fim<\/h3><p data-start=\"2946\" data-end=\"3086\">Ki\u015fisel verilerinizle ilgili her t\u00fcrl\u00fc soru, talep ve \u015fikayetleriniz i\u00e7in bizimle a\u015fa\u011f\u0131daki ileti\u015fim adreslerinden ileti\u015fime ge\u00e7ebilirsiniz:<\/p><p data-start=\"3088\" data-end=\"3209\"><strong data-start=\"3088\" data-end=\"3100\">E-posta:<\/strong> [<span style=\"color: #007bff;\">hello@vitarc.com.tr<\/span>]<br \/><br data-start=\"3126\" data-end=\"3129\" \/><strong data-start=\"3129\" data-end=\"3139\">Adres:<\/strong> Yeni\u015fehir Mh. Osmanl\u0131 Blv.No:2A<br \/>Ayport Sitesi A\/Blok Daire:59 Pendik,\u0130STANBUL\/T\u00dcRK\u0130YE<br \/><br data-start=\"3175\" data-end=\"3178\" \/><strong data-start=\"3178\" data-end=\"3190\">Telefon:<\/strong> <a href=\"tel:+90%20532%20244%2044%2020\"><span class=\"elementor-icon-list-text\">+90 532 244 442<\/span><\/a><\/p>\t\t\t\t\t\t\t\t<\/div>\n\t\t\t\t<\/div>\n\t\t\t\t\t<\/div>\n\t\t\t\t<\/div>\n\t\t\t\t<\/div>\n\t\t","protected":false},"excerpt":{"rendered":"<p>Ki\u015fisel Verilerin Korunmas\u0131 Politikas\u0131 Vitarc Teknoloji olarak, 6698 say\u0131l\u0131 Ki\u015fisel Verilerin Korunmas\u0131 Kanunu (\u201cKVKK\u201d) kapsam\u0131nda, ki\u015fisel verilerinizin gizlili\u011fini ve g\u00fcvenli\u011fini \u00f6nemsiyoruz. Bu kapsamda, ki\u015fisel verilerinizin i\u015flenmesi, saklanmas\u0131 ve korunmas\u0131na ili\u015fkin politikam\u0131z\u0131 a\u015fa\u011f\u0131da bilgilerinize sunar\u0131z. 1. Veri Sorumlusu KVKK kapsam\u0131nda, ki\u015fisel verileriniz; veri sorumlusu s\u0131fat\u0131yla Vitarc Teknoloji (\u201cVitarc\u201d veya \u201c\u015eirket\u201d) taraf\u0131ndan bu politika \u00e7er\u00e7evesinde i\u015flenmektedir. 2. [&hellip;]<\/p>\n","protected":false},"author":1,"featured_media":0,"parent":0,"menu_order":0,"comment_status":"closed","ping_status":"closed","template":"elementor_header_footer","meta":{"_acf_changed":false,"footnotes":""},"class_list":["post-4584","page","type-page","status-publish","hentry"],"acf":[],"_links":{"self":[{"href":"https:\/\/vitarc.405found.tr\/index.php?rest_route=\/wp\/v2\/pages\/4584","targetHints":{"allow":["GET"]}}],"collection":[{"href":"https:\/\/vitarc.405found.tr\/index.php?rest_route=\/wp\/v2\/pages"}],"about":[{"href":"https:\/\/vitarc.405found.tr\/index.php?rest_route=\/wp\/v2\/types\/page"}],"author":[{"embeddable":true,"href":"https:\/\/vitarc.405found.tr\/index.php?rest_route=\/wp\/v2\/users\/1"}],"replies":[{"embeddable":true,"href":"https:\/\/vitarc.405found.tr\/index.php?rest_route=%2Fwp%2Fv2%2Fcomments&post=4584"}],"version-history":[{"count":0,"href":"https:\/\/vitarc.405found.tr\/index.php?rest_route=\/wp\/v2\/pages\/4584\/revisions"}],"wp:attachment":[{"href":"https:\/\/vitarc.405found.tr\/index.php?rest_route=%2Fwp%2Fv2%2Fmedia&parent=4584"}],"curies":[{"name":"wp","href":"https:\/\/api.w.org\/{rel}","templated":true}]}}